{"id":7348,"date":"2022-11-07T04:23:21","date_gmt":"2022-11-07T04:23:21","guid":{"rendered":"https:\/\/autologiq.tech\/?page_id=7348"},"modified":"2023-02-12T08:50:56","modified_gmt":"2023-02-12T08:50:56","slug":"news","status":"publish","type":"page","link":"https:\/\/autologiq.tech\/vi\/news\/","title":{"rendered":"TIN T\u1ee8C"},"content":{"rendered":"<div class=\"wpb-content-wrapper\"><section class=\"vc_section vc_custom_1653300071394 wd-rs-628b5aff49443\"><div data-vc-full-width=\"true\" data-vc-full-width-init=\"false\" data-vc-parallax=\"1.5\" data-vc-parallax-o-fade=\"on\" data-vc-parallax-image=\"https:\/\/autologiq.tech\/wp-content\/uploads\/2022\/09\/maintenance-1.jpg\" class=\"vc_row wpb_row vc_row-fluid vc_custom_1664457931221 vc_row-has-fill vc_row-o-content-middle vc_row-flex vc_general vc_parallax vc_parallax-content-moving-fade js-vc_parallax-o-fade wd-rs-63359cbfc1e6b\"><div class=\"wpb_column vc_column_container vc_col-sm-12\"><div class=\"vc_column-inner\"><div class=\"wpb_wrapper\">\t\t\t<link rel=\"stylesheet\" id=\"wd-section-title-css\" href=\"https:\/\/autologiq.tech\/wp-content\/themes\/woodmart\/css\/parts\/el-section-title.min.css?ver=7.2.4\" type=\"text\/css\" media=\"all\" \/> \t\t\t\t\t\t<link rel=\"stylesheet\" id=\"wd-mod-highlighted-text-css\" href=\"https:\/\/autologiq.tech\/wp-content\/themes\/woodmart\/css\/parts\/mod-highlighted-text.min.css?ver=7.2.4\" type=\"text\/css\" media=\"all\" \/> \t\t\t\n\t\t<div id=\"wd-63691b586bfd2\" class=\"title-wrapper wd-wpb set-mb-s reset-last-child  wd-rs-63691b586bfd2 wd-title-color-default wd-title-style-default text-left  wd-underline-colored\">\n\t\t\t\n\t\t\t<div class=\"liner-continer\">\n\t\t\t\t<h4 class=\"woodmart-title-container title  wd-font-weight-700 wd-fontsize-l\" >News<\/h4>\n\t\t\t\t\t\t\t<\/div>\n\t\t\t\n\t\t\t\t\t\t\t<div class=\"title-after_title  set-cont-mb-s reset-last-child  wd-fontsize-xs\">Gi\u1ea3i ph\u00e1p m\u1ed9t c\u1eeda cho d\u00e2y chuy\u1ec1n l\u1eafp r\u00e1p cho ng\u00e0nh c\u00f4ng nghi\u1ec7p \u00f4 t\u00f4, c\u00f4ng nghi\u1ec7p chung v\u00e0 h\u00e0ng kh\u00f4ng v\u0169 tr\u1ee5.<\/div>\n\t\t\t\n\t\t\t\n\t\t<\/div>\n\t\t\n\t\t<div class=\"vc_empty_space\"   style=\"height: 32px\"><span class=\"vc_empty_space_inner\"><\/span><\/div><div id=\"wd-627f4aabe0534\" class=\"wd-rs-627f4aabe0534  wd-button-wrapper text-center inline-element\"><a href=\"#\" title=\"\" class=\"btn btn-color-white btn-style-bordered btn-style-rectangle btn-size-default\">Xem b\u1ea3n DEMO<\/a><\/div><div id=\"wd-6316087ebe1cf\" class=\"wd-rs-6316087ebe1cf  wd-button-wrapper text-center inline-element\"><a href=\"https:\/\/autologiq.tech\/vi\/request-a-consultation\/\" title=\"\" class=\"btn btn-color-primary btn-style-default btn-style-rectangle btn-size-default\">Y\u00caU C\u1ea6U T\u01af V\u1ea4N<\/a><\/div><\/div><\/div><\/div><\/div><div class=\"vc_row-full-width vc_clearfix\"><\/div><\/section><div class=\"vc_row wpb_row vc_row-fluid vc_custom_1653300117967 vc_row-o-equal-height vc_row-o-content-middle vc_row-flex wd-rs-628b5b31209a7\"><div class=\"wpb_column vc_column_container vc_col-sm-12 vc_col-md-6\"><div class=\"vc_column-inner\"><div class=\"wpb_wrapper\">\n\t\t<div id=\"wd-6293c3be99406\" class=\"title-wrapper wd-wpb set-mb-s reset-last-child  wd-rs-6293c3be99406 wd-title-color-default wd-title-style-default text-left  wd-underline-colored\">\n\t\t\t\t\t\t\t<div class=\"title-subtitle  subtitle-color-default font-default subtitle-style-default wd-font-weight-700 wd-fontsize-xs\">WHAT WE DO?<\/div>\n\t\t\t\n\t\t\t<div class=\"liner-continer\">\n\t\t\t\t<h4 class=\"woodmart-title-container title  wd-font-weight-700 wd-fontsize-l\" >INNOVATE SIMPLIFY &amp; IMPROVE<\/h4>\n\t\t\t\t\t\t\t<\/div>\n\t\t\t\n\t\t\t\n\t\t\t\n\t\t<\/div>\n\t\t\n\t\t<\/div><\/div><\/div><div class=\"wpb_column vc_column_container vc_col-sm-12 vc_col-md-6 wd-rs-6280a7118b8ee\"><div class=\"vc_column-inner vc_custom_1652598561110\"><div class=\"wpb_wrapper\">\t\t\t<link rel=\"stylesheet\" id=\"wd-text-block-css\" href=\"https:\/\/autologiq.tech\/wp-content\/themes\/woodmart\/css\/parts\/el-text-block.min.css?ver=7.2.4\" type=\"text\/css\" media=\"all\" \/> \t\t\t\t\t<div id=\"wd-63160a02a7e54\" class=\"wd-text-block wd-wpb reset-last-child wd-rs-63160a02a7e54 text-left wd-fontsize-l\">\n\t\t\t<p style=\"text-align: justify\">AutologiQ Systems \u0111ang thay \u0111\u1ed5i qu\u00e1 tr\u00ecnh s\u1ea3n xu\u1ea5t b\u1eb1ng c\u00e1c gi\u1ea3i ph\u00e1p ph\u1ea7n m\u1ec1m s\u00e1ng t\u1ea1o. Ch\u00fang t\u00f4i c\u1ed1 g\u1eafng trao quy\u1ec1n cho c\u00e1c nh\u00e0 s\u1ea3n xu\u1ea5t tham gia phong tr\u00e0o C\u00f4ng nghi\u1ec7p 4.0 b\u1eb1ng c\u00e1c gi\u1ea3i ph\u00e1p d\u1ec5 s\u1eed d\u1ee5ng, hi\u1ec7u qu\u1ea3 v\u1ec1 chi ph\u00ed, nhanh nh\u1eb9n, l\u00e0m vi\u1ec7c d\u1ef1a tr\u00ean tr\u00ean d\u1eef li\u1ec7u v\u00e0 t\u1ed1t nh\u1ea5t trong ph\u00e2n kh\u00fac.<\/p>\n\t\t<\/div>\n\t\t<\/div><\/div><\/div><\/div><div class=\"vc_row wpb_row vc_row-fluid vc_custom_1653852160476 vc_row-o-equal-height vc_row-o-content-middle vc_row-flex wd-rs-6293c8008ca36\"><div class=\"wpb_column vc_column_container vc_col-sm-12 wd-rs-6293c3faa893b\"><div class=\"vc_column-inner\"><div class=\"wpb_wrapper\">\n\t\t<div id=\"wd-6293c3e96dfd2\" class=\"title-wrapper wd-wpb set-mb-s reset-last-child  wd-rs-6293c3e96dfd2 wd-title-color-default wd-title-style-default text-left  wd-title-empty wd-underline-colored\">\n\t\t\t\t\t\t\t<div class=\"title-subtitle  subtitle-color-default font-default subtitle-style-default wd-font-weight-700 wd-fontsize-xs\">WHY WE DO IT?<\/div>\n\t\t\t\n\t\t\t<div class=\"liner-continer\">\n\t\t\t\t<h4 class=\"woodmart-title-container title  wd-font-weight-700 wd-fontsize-l\" ><\/h4>\n\t\t\t\t\t\t\t<\/div>\n\t\t\t\n\t\t\t\n\t\t\t\n\t\t<\/div>\n\t\t\n\t\t<div class=\"vc_row wpb_row vc_inner vc_row-fluid vc_row-o-equal-height vc_row-flex wd-rs-6293c440a2dc1\"><div class=\"wpb_column vc_column_container vc_col-sm-6\"><div class=\"vc_column-inner\"><div class=\"wpb_wrapper\">\t\t<div id=\"wd-6293c4184a9b5\" class=\"wd-text-block wd-wpb reset-last-child wd-rs-6293c4184a9b5 text-left\">\n\t\t\t<p style=\"text-align: justify\">M\u1eb7c d\u00f9 chuy\u1ec3n \u0111\u1ed5i k\u1ef9 thu\u1eadt s\u1ed1 \u0111\u00e3 ph\u00e1t tri\u1ec3n nhanh ch\u00f3ng trong nhi\u1ec1u ng\u00e0nh c\u00f4ng nghi\u1ec7p hi\u1ec7n nay, nh\u01b0ng s\u1ef1 h\u1ee9a h\u1eb9n v\u1ec1 'C\u00f4ng nghi\u1ec7p 4.0' v\u1edbi c\u00f4ng nghi\u1ec7p IoT theo th\u1eddi gian th\u1ef1c v\u00e0 m\u1ecdi th\u1ee9 t\u1ef1 \u0111\u1ed9ng h\u00f3a th\u00f4ng minh - v\u1eabn ch\u01b0a th\u00e0nh hi\u1ec7n th\u1ef1c \u0111\u1ed1i v\u1edbi ng\u00e0nh s\u1ea3n xu\u1ea5t. \u0110\u1ec3 l\u00e0m cho m\u1ecdi th\u1ee9 tr\u1edf n\u00ean th\u1eed th\u00e1ch h\u01a1n, l\u1ef1c l\u01b0\u1ee3ng lao \u0111\u1ed9ng s\u1ea3n xu\u1ea5t d\u00f9 l\u1edbn hay nh\u1ecf hi\u1ec7n \u0111ang gi\u00e0 \u0111i, v\u1edbi nhu c\u1ea7u v\u1ec1 k\u1ef9 n\u0103ng m\u1edbi ho\u00e0n tthi\u1ec7n cho c\u00e1c ho\u1ea1t \u0111\u1ed9ng k\u1ef9 thu\u1eadt s\u1ed1. Khi c\u00f4ng ngh\u1ec7 ph\u00e1t tri\u1ec3n nhanh ch\u00f3ng b\u1eaft \u0111\u1ea7u xu\u1ea5t hi\u1ec7n trong nh\u00e0 m\u00e1y, c\u00e1c ph\u01b0\u01a1ng ph\u00e1p ti\u1ebfp c\u1eadn m\u1edbi l\u00e0 c\u1ea7n thi\u1ebft \u0111\u1ec3 \u0111\u00e0o t\u1ea1o v\u00e0 chuy\u1ec3n giao ki\u1ebfn th\u1ee9c cho l\u1ef1c l\u01b0\u1ee3ng lao \u0111\u1ed9ng n\u0103ng \u0111\u1ed9ng c\u1ee7a h\u1ecd. Ngo\u00e0i ra, ng\u01b0\u1eddi ti\u00eau d\u00f9ng ng\u00e0y nay \u0111\u00f2i h\u1ecfi h\u00e0ng h\u00f3a ng\u00e0y c\u00e0ng chuy\u00ean bi\u1ec7t, th\u00fac \u0111\u1ea9y xu h\u01b0\u1edbng t\u00f9y ch\u1ec9nh h\u00e0ng lo\u1ea1t. L\u00e0m th\u1ebf n\u00e0o b\u1ea1n c\u00f3 th\u1ec3 \u0111\u00e1p \u1ee9ng nh\u1eefng nhu c\u1ea7u thay \u0111\u1ed5i li\u00ean t\u1ee5c n\u00e0y? Trong khi c\u00e1c nh\u00e0 s\u1ea3n xu\u1ea5t h\u00e0ng \u0111\u1ea7u \u0111\u00e3 t\u1ed1i \u01b0u h\u00f3a quy m\u00f4 s\u00e0n nh\u00e0 m\u00e1y c\u1ee7a h\u1ecd, \u0111\u01b0\u1ee3c cung c\u1ea5p b\u1edfi c\u00e1c h\u1ec7 th\u1ed1ng k\u1ebf th\u1eeba ph\u1ee9c t\u1ea1p, th\u00ec d\u1eef li\u1ec7u v\u1eabn ti\u1ebfp t\u1ee5c b\u1ecb m\u1eafc k\u1eb9t trong c\u00e1c silo nhi\u1ec1u l\u1edbp, kh\u00f4ng k\u1ebft n\u1ed1i. B\u1ea1n c\u1ea7n m\u1ed9t c\u00e1ch \u0111\u1ec3<\/p>\n\t\t<\/div>\n\t\t<\/div><\/div><\/div><div class=\"wpb_column vc_column_container vc_col-sm-6\"><div class=\"vc_column-inner\"><div class=\"wpb_wrapper\">\t\t<div id=\"wd-6293c4349434a\" class=\"wd-text-block wd-wpb reset-last-child wd-rs-6293c4349434a text-left\">\n\t\t\t<p style=\"text-align: justify\">l\u00e0m ph\u1eb3ng v\u00e0 \u0111\u01a1n gi\u1ea3n h\u00f3a h\u1ec7 th\u1ed1ng c\u1ee7a b\u1ea1n \u0111\u1ec3 t\u1eadn d\u1ee5ng c\u00e1c c\u00f4ng ngh\u1ec7 d\u1ef1a tr\u00ean d\u1eef li\u1ec7u m\u1edbi nh\u1ea5t. V\u00e0 \u0111i\u1ec1u r\u1ee7i ro cao l\u00e0 ph\u00e1t tri\u1ec3n c\u00e1c h\u1ec7 th\u1ed1ng hi\u1ec7n c\u00f3 c\u1ee7a b\u1ea1n. \u0110\u1ed1i v\u1edbi c\u00e1c nh\u00e0 s\u1ea3n xu\u1ea5t nh\u1ecf h\u01a1n, chi\u1ebfm ph\u1ea7n l\u1edbn c\u01a1 s\u1edf, b\u1ea1n c\u1ea7n chuy\u1ec3n \u0111\u1ed5i k\u1ef9 thu\u1eadt s\u1ed1 c\u00e1c ho\u1ea1t \u0111\u1ed9ng c\u1ee7a m\u00ecnh t\u1eeb \u0111\u1ea7u. Th\u00f4ng th\u01b0\u1eddng, c\u00f3 th\u1ec3 c\u00f3 r\u1ea5t \u00edt ho\u1eb7c kh\u00f4ng c\u00f3 d\u1eef li\u1ec7u ch\u1ea3y qua doanh nghi\u1ec7p c\u1ee7a b\u1ea1n \u2013 v\u00e0 th\u1eadt kh\u00f3 kh\u0103n khi c\u00e2n nh\u1eafc chuy\u1ec3n \u0111\u1ed5i k\u1ef9 thu\u1eadt s\u1ed1. V\u1ea5n \u0111\u1ec1 l\u00e0 l\u1ed7 h\u1ed5ng d\u1eef li\u1ec7u s\u1ea3n xu\u1ea5t. \u0110\u00f3 l\u00e0 l\u00fd do t\u1ea1i sao eFlex \u0111\u00e3 ph\u00e1t tri\u1ec3n N\u1ec1n t\u1ea3ng T\u00edch h\u1ee3p S\u1ea3n xu\u1ea5t \u2013 hay g\u1ecdi t\u1eaft l\u00e0 MIP. M\u1ed9t n\u1ec1n t\u1ea3ng ph\u1ea7n m\u1ec1m linh ho\u1ea1t, c\u00f3 th\u1ec3 \u0111\u1ecbnh c\u1ea5u h\u00ecnh \u0111\u1ec3 \u0111\u01a1n gi\u1ea3n h\u00f3a qu\u00e1 tr\u00ecnh chuy\u1ec3n \u0111\u1ed5i k\u1ef9 thu\u1eadt s\u1ed1 trong nh\u00e0 m\u00e1y v\u00e0 thu h\u1eb9p kho\u1ea3ng c\u00e1ch d\u1eef li\u1ec7u \u2013 cho ph\u00e9p c\u00e1c nh\u00e0 s\u1ea3n xu\u1ea5t tr\u1edf n\u00ean nhanh nh\u1eb9n, hi\u1ec7u qu\u1ea3, n\u0103ng su\u1ea5t h\u01a1n v\u1edbi l\u1ee3i th\u1ebf c\u1ea1nh tranh.<\/p>\n\t\t<\/div>\n\t\t<\/div><\/div><\/div><\/div><\/div><\/div><\/div><\/div><div class=\"vc_row wpb_row vc_row-fluid wd-rs-63691ec757593\"><div class=\"wpb_column vc_column_container vc_col-sm-12\"><div class=\"vc_column-inner\"><div class=\"wpb_wrapper\">\t\t\t<link rel=\"stylesheet\" id=\"wd-blog-base-css\" href=\"https:\/\/autologiq.tech\/wp-content\/themes\/woodmart\/css\/parts\/blog-base.min.css?ver=7.2.4\" type=\"text\/css\" media=\"all\" \/> \t\t\t\t\t\t<link rel=\"stylesheet\" id=\"wd-blog-loop-base-old-css\" href=\"https:\/\/autologiq.tech\/wp-content\/themes\/woodmart\/css\/parts\/blog-loop-base-old.min.css?ver=7.2.4\" type=\"text\/css\" media=\"all\" \/> \t\t\t\t\t\t<link rel=\"stylesheet\" id=\"wd-blog-loop-design-masonry-css\" href=\"https:\/\/autologiq.tech\/wp-content\/themes\/woodmart\/css\/parts\/blog-loop-design-masonry.min.css?ver=7.2.4\" type=\"text\/css\" media=\"all\" \/> \t\t\t<div class=\"wd-blog-holder blog-shortcode  masonry-container wd-spacing-20 row blog-pagination-\" id=\"69e44e08b7b2f\" data-paged=\"1\" data-atts=\"{&quot;post_type&quot;:&quot;post&quot;,&quot;include&quot;:&quot;&quot;,&quot;custom_query&quot;:&quot;&quot;,&quot;taxonomies&quot;:&quot;84&quot;,&quot;pagination&quot;:&quot;&quot;,&quot;parts_media&quot;:true,&quot;parts_title&quot;:&quot;1&quot;,&quot;parts_meta&quot;:&quot;0&quot;,&quot;parts_text&quot;:&quot;0&quot;,&quot;parts_btn&quot;:&quot;1&quot;,&quot;items_per_page&quot;:12,&quot;offset&quot;:&quot;&quot;,&quot;orderby&quot;:&quot;date&quot;,&quot;order&quot;:&quot;DESC&quot;,&quot;meta_key&quot;:&quot;&quot;,&quot;exclude&quot;:&quot;&quot;,&quot;class&quot;:&quot;&quot;,&quot;ajax_page&quot;:&quot;&quot;,&quot;img_size&quot;:&quot;medium&quot;,&quot;blog_design&quot;:&quot;masonry&quot;,&quot;blog_carousel_design&quot;:&quot;masonry&quot;,&quot;blog_columns&quot;:&quot;2&quot;,&quot;blog_columns_tablet&quot;:&quot;auto&quot;,&quot;blog_columns_mobile&quot;:&quot;auto&quot;,&quot;blog_spacing&quot;:&quot;20&quot;,&quot;speed&quot;:&quot;5000&quot;,&quot;slides_per_view&quot;:&quot;3&quot;,&quot;slides_per_view_tablet&quot;:&quot;auto&quot;,&quot;slides_per_view_mobile&quot;:&quot;auto&quot;,&quot;wrap&quot;:&quot;&quot;,&quot;autoplay&quot;:&quot;no&quot;,&quot;hide_pagination_control&quot;:&quot;&quot;,&quot;hide_prev_next_buttons&quot;:&quot;&quot;,&quot;lazy_loading&quot;:&quot;no&quot;,&quot;scroll_carousel_init&quot;:&quot;no&quot;,&quot;scroll_per_page&quot;:&quot;yes&quot;,&quot;search&quot;:&quot;&quot;}\" data-source=\"shortcode\">\n<article id=\"post-7358\" class=\"blog-design-masonry blog-post-loop blog-style-bg wd-add-shadow  col-lg-6 col-md-6 col-sm-6 col-12 post-7358 post type-post status-publish format-standard has-post-thumbnail hentry category-news\">\n\t<div class=\"article-inner\">\n\t\t\t\t\t<header class=\"entry-header\">\n\t\t\t\t\t\t\t\t\t\n\t\t\t\t\t<figure id=\"carousel-632\" class=\"entry-thumbnail\" data-owl-carousel data-hide_pagination_control=\"yes\" data-desktop=\"1\" data-tablet=\"1\" data-tablet_landscape=\"1\" data-mobile=\"1\">\n\t\t\t\t\t\t\n\t\t\t\t\t\t\t<div class=\"post-img-wrapp\">\n\t\t\t\t\t\t\t\t<a href=\"https:\/\/autologiq.tech\/vi\/news-1\/\">\n\t\t\t\t\t\t\t\t\t<img loading=\"lazy\" decoding=\"async\" width=\"400\" height=\"258\" src=\"https:\/\/autologiq.tech\/wp-content\/uploads\/2022\/09\/PRODUCTION-MONITORING-SYSTEM-1-400x258.jpg\" class=\"attachment-large wp-post-image attachment-medium\" alt=\"\" title=\"PRODUCTION-MONITORING-SYSTEM\" srcset=\"https:\/\/autologiq.tech\/wp-content\/uploads\/2022\/09\/PRODUCTION-MONITORING-SYSTEM-1-400x258.jpg 400w, https:\/\/autologiq.tech\/wp-content\/uploads\/2022\/09\/PRODUCTION-MONITORING-SYSTEM-1-768x495.jpg 768w, https:\/\/autologiq.tech\/wp-content\/uploads\/2022\/09\/PRODUCTION-MONITORING-SYSTEM-1-18x12.jpg 18w, https:\/\/autologiq.tech\/wp-content\/uploads\/2022\/09\/PRODUCTION-MONITORING-SYSTEM-1-430x277.jpg 430w, https:\/\/autologiq.tech\/wp-content\/uploads\/2022\/09\/PRODUCTION-MONITORING-SYSTEM-1-700x452.jpg 700w, https:\/\/autologiq.tech\/wp-content\/uploads\/2022\/09\/PRODUCTION-MONITORING-SYSTEM-1-150x97.jpg 150w, https:\/\/autologiq.tech\/wp-content\/uploads\/2022\/09\/PRODUCTION-MONITORING-SYSTEM-1.jpg 800w\" sizes=\"auto, (max-width: 400px) 100vw, 400px\" \/>\t\t\t\t\t\t\t\t<\/a>\n\t\t\t\t\t\t\t<\/div>\n\t\t\t\t\t\t\t<div class=\"post-image-mask\">\n\t\t\t\t\t\t\t\t<span><\/span>\n\t\t\t\t\t\t\t<\/div>\n\n\t\t\t\t\t\t\n\t\t\t\t\t<\/figure>\n\t\t\t\t\n\t\t\t\t\t\t\t\t\t\t\t\t<div class=\"post-date wd-post-date wd-style-with-bg\" onclick=\"\">\n\t\t\t\t<span class=\"post-date-day\">\n\t\t\t\t\t07\t\t\t\t<\/span>\n\t\t\t\t<span class=\"post-date-month\">\n\t\t\t\t\tTh11\t\t\t\t<\/span>\n\t\t\t<\/div>\n\t\t\t\t\t\t\n\t\t\t<\/header><!-- .entry-header -->\n\n\t\t<div class=\"article-body-container\">\n\t\t\t\n\t\t\t\t\n\t\t\t\t\t\t\t\t\t<h3 class=\"wd-entities-title title post-title\">\n\t\t\t\t\t\t<a href=\"https:\/\/autologiq.tech\/vi\/news-1\/\" rel=\"bookmark\">News 1<\/a>\n\t\t\t\t\t<\/h3>\n\t\t\t\t\n\t\t\t\t\t\t\t\n\t\t\t\n\t\t\t\n\t\t\t\t\t<\/div>\n\t<\/div>\n<\/article><!-- #post -->\n\n\n<\/div><div class=\"vc_empty_space\"   style=\"height: 32px\"><span class=\"vc_empty_space_inner\"><\/span><\/div><div class=\"vc_empty_space\"   style=\"height: 32px\"><span class=\"vc_empty_space_inner\"><\/span><\/div><div class=\"vc_empty_space\"   style=\"height: 32px\"><span class=\"vc_empty_space_inner\"><\/span><\/div><\/div><\/div><\/div><\/div>\n<\/div>","protected":false},"excerpt":{"rendered":"Production Monitoring System 4.0 From FactoryBase.io - Making Factory Smarter. WATCH DEMOREQUEST A CONSULTATION MOVE ALL TO CENTRALIZED AND DECENTRALIZED","protected":false},"author":1,"featured_media":0,"parent":0,"menu_order":0,"comment_status":"closed","ping_status":"closed","template":"","meta":{"footnotes":""},"class_list":["post-7348","page","type-page","status-publish","hentry"],"_links":{"self":[{"href":"https:\/\/autologiq.tech\/vi\/wp-json\/wp\/v2\/pages\/7348","targetHints":{"allow":["GET"]}}],"collection":[{"href":"https:\/\/autologiq.tech\/vi\/wp-json\/wp\/v2\/pages"}],"about":[{"href":"https:\/\/autologiq.tech\/vi\/wp-json\/wp\/v2\/types\/page"}],"author":[{"embeddable":true,"href":"https:\/\/autologiq.tech\/vi\/wp-json\/wp\/v2\/users\/1"}],"replies":[{"embeddable":true,"href":"https:\/\/autologiq.tech\/vi\/wp-json\/wp\/v2\/comments?post=7348"}],"version-history":[{"count":11,"href":"https:\/\/autologiq.tech\/vi\/wp-json\/wp\/v2\/pages\/7348\/revisions"}],"predecessor-version":[{"id":7521,"href":"https:\/\/autologiq.tech\/vi\/wp-json\/wp\/v2\/pages\/7348\/revisions\/7521"}],"wp:attachment":[{"href":"https:\/\/autologiq.tech\/vi\/wp-json\/wp\/v2\/media?parent=7348"}],"curies":[{"name":"wp","href":"https:\/\/api.w.org\/{rel}","templated":true}]}}