{"id":7195,"date":"2022-09-29T13:59:34","date_gmt":"2022-09-29T13:59:34","guid":{"rendered":"https:\/\/autologiq.tech\/?page_id=7195"},"modified":"2023-09-04T04:43:27","modified_gmt":"2023-09-04T04:43:27","slug":"alice","status":"publish","type":"page","link":"https:\/\/autologiq.tech\/vi\/alice\/","title":{"rendered":"T\u00cdCH H\u1ee2P THI\u1ebeT B\u1eca"},"content":{"rendered":"<div class=\"wpb-content-wrapper\"><section class=\"vc_section vc_custom_1653300071394 wd-rs-628b5aff49443\"><div data-vc-full-width=\"true\" data-vc-full-width-init=\"false\" data-vc-parallax=\"1.5\" data-vc-parallax-o-fade=\"on\" data-vc-parallax-image=\"https:\/\/autologiq.tech\/wp-content\/uploads\/2022\/09\/maintenance-1.jpg\" class=\"vc_row wpb_row vc_row-fluid vc_custom_1664457931221 vc_row-has-fill vc_row-o-content-middle vc_row-flex vc_general vc_parallax vc_parallax-content-moving-fade js-vc_parallax-o-fade wd-rs-63359cbfc1e6b\"><div class=\"wpb_column vc_column_container vc_col-sm-12\"><div class=\"vc_column-inner\"><div class=\"wpb_wrapper\">\t\t\t<link rel=\"stylesheet\" id=\"wd-section-title-css\" href=\"https:\/\/autologiq.tech\/wp-content\/themes\/woodmart\/css\/parts\/el-section-title.min.css?ver=7.2.4\" type=\"text\/css\" media=\"all\" \/> \t\t\t\t\t\t<link rel=\"stylesheet\" id=\"wd-mod-highlighted-text-css\" href=\"https:\/\/autologiq.tech\/wp-content\/themes\/woodmart\/css\/parts\/mod-highlighted-text.min.css?ver=7.2.4\" type=\"text\/css\" media=\"all\" \/> \t\t\t\n\t\t<div id=\"wd-63e8a7ac00c74\" class=\"title-wrapper wd-wpb set-mb-s reset-last-child  wd-rs-63e8a7ac00c74 wd-title-color-default wd-title-style-default text-left  wd-underline-colored\">\n\t\t\t\n\t\t\t<div class=\"liner-continer\">\n\t\t\t\t<h4 class=\"woodmart-title-container title  wd-font-weight-700 wd-fontsize-l\" >T\u00cdCH H\u1ee2P THI\u1ebeT B\u1eca<\/h4>\n\t\t\t\t\t\t\t<\/div>\n\t\t\t\n\t\t\t\t\t\t\t<div class=\"title-after_title  set-cont-mb-s reset-last-child  wd-fontsize-xs\">Gi\u1ea3i ph\u00e1p m\u1ed9t c\u1eeda cho d\u00e2y chuy\u1ec1n l\u1eafp r\u00e1p cho ng\u00e0nh c\u00f4ng nghi\u1ec7p \u00f4 t\u00f4, c\u00f4ng nghi\u1ec7p chung v\u00e0 h\u00e0ng kh\u00f4ng v\u0169 tr\u1ee5.<\/div>\n\t\t\t\n\t\t\t\n\t\t<\/div>\n\t\t\n\t\t<div class=\"vc_empty_space\"   style=\"height: 32px\"><span class=\"vc_empty_space_inner\"><\/span><\/div><div id=\"wd-627f4aabe0534\" class=\"wd-rs-627f4aabe0534  wd-button-wrapper text-center inline-element\"><a href=\"#\" title=\"\" class=\"btn btn-color-white btn-style-bordered btn-style-rectangle btn-size-default\">Xem b\u1ea3n DEMO<\/a><\/div><div id=\"wd-6316087ebe1cf\" class=\"wd-rs-6316087ebe1cf  wd-button-wrapper text-center inline-element\"><a href=\"https:\/\/autologiq.tech\/vi\/request-a-consultation\/\" title=\"\" class=\"btn btn-color-primary btn-style-default btn-style-rectangle btn-size-default\">Y\u00caU C\u1ea6U T\u01af V\u1ea4N<\/a><\/div><\/div><\/div><\/div><\/div><div class=\"vc_row-full-width vc_clearfix\"><\/div><\/section><div class=\"vc_row wpb_row vc_row-fluid vc_custom_1653852160476 vc_row-o-equal-height vc_row-o-content-middle vc_row-flex wd-rs-6293c8008ca36\"><div class=\"wpb_column vc_column_container vc_col-sm-12 wd-rs-6293c3faa893b\"><div class=\"vc_column-inner\"><div class=\"wpb_wrapper\"><div class=\"vc_empty_space\"   style=\"height: 32px\"><span class=\"vc_empty_space_inner\"><\/span><\/div><div class=\"vc_row wpb_row vc_inner vc_row-fluid vc_row-o-equal-height vc_row-flex wd-rs-6293c440a2dc1\"><div class=\"wpb_column vc_column_container vc_col-sm-6\"><div class=\"vc_column-inner\"><div class=\"wpb_wrapper\">\t\t\t<link rel=\"stylesheet\" id=\"wd-text-block-css\" href=\"https:\/\/autologiq.tech\/wp-content\/themes\/woodmart\/css\/parts\/el-text-block.min.css?ver=7.2.4\" type=\"text\/css\" media=\"all\" \/> \t\t\t\t\t<div id=\"wd-641846020bcdf\" class=\"wd-text-block wd-wpb reset-last-child wd-rs-641846020bcdf text-left\">\n\t\t\t<p style=\"text-align: justify;\"><img loading=\"lazy\" decoding=\"async\" class=\"alignnone size-medium wp-image-7823\" src=\"https:\/\/autologiq.tech\/wp-content\/uploads\/2023\/03\/cleco-tools-logo-vector-400x222.png\" alt=\"\" width=\"400\" height=\"222\" srcset=\"https:\/\/autologiq.tech\/wp-content\/uploads\/2023\/03\/cleco-tools-logo-vector-400x222.png 400w, https:\/\/autologiq.tech\/wp-content\/uploads\/2023\/03\/cleco-tools-logo-vector-768x427.png 768w, https:\/\/autologiq.tech\/wp-content\/uploads\/2023\/03\/cleco-tools-logo-vector-18x10.png 18w, https:\/\/autologiq.tech\/wp-content\/uploads\/2023\/03\/cleco-tools-logo-vector-860x478.png 860w, https:\/\/autologiq.tech\/wp-content\/uploads\/2023\/03\/cleco-tools-logo-vector-430x239.png 430w, https:\/\/autologiq.tech\/wp-content\/uploads\/2023\/03\/cleco-tools-logo-vector-700x389.png 700w, https:\/\/autologiq.tech\/wp-content\/uploads\/2023\/03\/cleco-tools-logo-vector-150x83.png 150w, https:\/\/autologiq.tech\/wp-content\/uploads\/2023\/03\/cleco-tools-logo-vector.png 900w\" sizes=\"auto, (max-width: 400px) 100vw, 400px\" \/><\/p>\n\t\t<\/div>\n\t\t<\/div><\/div><\/div><div class=\"wpb_column vc_column_container vc_col-sm-6\"><div class=\"vc_column-inner\"><div class=\"wpb_wrapper\">\t\t<div id=\"wd-6418452831261\" class=\"wd-text-block wd-wpb reset-last-child wd-rs-6418452831261 text-left\">\n\t\t\t<p>Ch\u00fang t\u00f4i c\u1ed9ng t\u00e1c l\u00e0m vi\u1ec7c v\u1edbi kh\u00e1ch h\u00e0ng c\u1ee7a m\u00ecnh \u0111\u1ec3 h\u1ecd c\u00f3 th\u1ec3 \u0111\u01b0a ra quy\u1ebft \u0111\u1ecbnh r\u00f5 r\u00e0ng h\u01a1n v\u00e0 n\u00e2ng cao hi\u1ec7u su\u1ea5t v\u00e0 hi\u1ec7u su\u1ea5t c\u1ee7a h\u1ecd.<\/p>\n<p>Th\u00f4ng qua giao di\u1ec7n m\u1ea1nh m\u1ebd v\u00e0 tr\u1ef1c quan c\u1ee7a ch\u00fang t\u00f4i, ng\u01b0\u1eddi d\u00f9ng c\u00f3 \u0111\u01b0\u1ee3c d\u1eef li\u1ec7u theo th\u1eddi gian th\u1ef1c t\u1eeb b\u1ea5t k\u1ef3 v\u1ecb tr\u00ed n\u00e0o v\u00e0o b\u1ea5t k\u1ef3 l\u00fac n\u00e0o.<\/p>\n<p>Ch\u00fang t\u00f4i t\u1ef1 h\u00e0o th\u00f4ng b\u00e1o r\u1eb1ng AutologiQ Machinery &amp; Engineering l\u00e0 \u0111\u1ed1i t\u00e1c c\u1ee7a nhi\u1ec1u Th\u01b0\u01a1ng hi\u1ec7u D\u1ee5ng c\u1ee5 \u0111i\u1ec7n C\u00f4ng nghi\u1ec7p. Ch\u00fang t\u00f4i h\u1ee3p t\u00e1c ch\u1eb7t ch\u1ebd v\u1edbi h\u1ecd \u0111\u1ec3 cung c\u1ea5p cho b\u1ea1n tr\u1ea3i nghi\u1ec7m chuy\u00ean m\u00f4n.<\/p>\n\t\t<\/div>\n\t\t<\/div><\/div><\/div><\/div><\/div><\/div><\/div><\/div><section class=\"vc_section vc_custom_1653852217102 wd-rs-6293c83778dca\"><div class=\"vc_row wpb_row vc_row-fluid\"><div class=\"wpb_column vc_column_container vc_col-sm-12\"><div class=\"vc_column-inner\"><div class=\"wpb_wrapper\">\t\t<div id=\"wd-64f5598f7da74\" class=\"wd-text-block wd-wpb reset-last-child wd-rs-64f5598f7da74 text-left\">\n\t\t\t<p>Ch\u00fang t\u00f4i mang \u0111\u1ebfn nh\u1eefng c\u00f4ng c\u1ee5 v\u00e0 thi\u1ebft b\u1ecb \u0111\u1ec3 chia s\u1ebb v\u1edbi b\u1ea1n m\u1ecdi kinh nghi\u1ec7m v\u1ec1 d\u00e2y chuy\u1ec1n s\u1ea3n xu\u1ea5t c\u1ee7a b\u1ea1n.<\/p>\n<ul>\n<li><a href=\"https:\/\/autologiq.tech\/vi\/industrial-power-tools\/\">D\u1ee4NG C\u1ee4 \u0110I\u1ec6N C\u00d4NG NGHI\u1ec6P<\/a><\/li>\n<li><a href=\"https:\/\/autologiq.tech\/vi\/industrial-robotic-and-automation\/\">ROBOT V\u00c0 COBOT C\u00d4NG NGHI\u1ec6P<\/a><\/li>\n<li><a href=\"https:\/\/autologiq.tech\/vi\/qc-camera\/\">QC CAMERA<\/a><\/li>\n<li><a href=\"https:\/\/autologiq.tech\/vi\/light-sensors\/\">C\u1ea2M BI\u1ebeN \u00c1NH S\u00c1NG<\/a>S<\/li>\n<li><a href=\"https:\/\/autologiq.tech\/vi\/agv-amr-solution\/\">GI\u1ea2I PH\u00c1P AGV V\u00c0 AMR<\/a><\/li>\n<li><a href=\"https:\/\/autologiq.tech\/vi\/rfid-solution\/\">GI\u1ea2I PH\u00c1P RFID<\/a><\/li>\n<\/ul>\n\t\t<\/div>\n\t\t\t\t<div id=\"wd-64f55b6221b34\" class=\"wd-text-block wd-wpb reset-last-child wd-rs-64f55b6221b34 text-left\">\n\t\t\t<p style=\"text-align: center;\">\u0110\u1ec3 bi\u1ebft th\u00eam th\u00f4ng tin, vui l\u00f2ng li\u00ean h\u1ec7 v\u1edbi nh\u00f3m Autologiq ho\u1eb7c\u00a0<a href=\"https:\/\/autologiq.tech\/vi\/request-a-consultation\/\">y\u00eau c\u1ea7u t\u01b0 v\u1ea5n<\/a>.<\/p>\n\t\t<\/div>\n\t\t<\/div><\/div><\/div><\/div><\/section>\n<\/div>","protected":false},"excerpt":{"rendered":"DEVICE INTEGRATION One-stop solution for Assembly line for automotive, GI and Aerospace industries. WATCH DEMOREQUEST A CONSULTATION We work collaboratively","protected":false},"author":1,"featured_media":0,"parent":0,"menu_order":0,"comment_status":"closed","ping_status":"closed","template":"","meta":{"footnotes":""},"class_list":["post-7195","page","type-page","status-publish","hentry"],"_links":{"self":[{"href":"https:\/\/autologiq.tech\/vi\/wp-json\/wp\/v2\/pages\/7195","targetHints":{"allow":["GET"]}}],"collection":[{"href":"https:\/\/autologiq.tech\/vi\/wp-json\/wp\/v2\/pages"}],"about":[{"href":"https:\/\/autologiq.tech\/vi\/wp-json\/wp\/v2\/types\/page"}],"author":[{"embeddable":true,"href":"https:\/\/autologiq.tech\/vi\/wp-json\/wp\/v2\/users\/1"}],"replies":[{"embeddable":true,"href":"https:\/\/autologiq.tech\/vi\/wp-json\/wp\/v2\/comments?post=7195"}],"version-history":[{"count":14,"href":"https:\/\/autologiq.tech\/vi\/wp-json\/wp\/v2\/pages\/7195\/revisions"}],"predecessor-version":[{"id":8198,"href":"https:\/\/autologiq.tech\/vi\/wp-json\/wp\/v2\/pages\/7195\/revisions\/8198"}],"wp:attachment":[{"href":"https:\/\/autologiq.tech\/vi\/wp-json\/wp\/v2\/media?parent=7195"}],"curies":[{"name":"wp","href":"https:\/\/api.w.org\/{rel}","templated":true}]}}