{"id":7043,"date":"2022-09-26T17:39:16","date_gmt":"2022-09-26T17:39:16","guid":{"rendered":"https:\/\/autologiq.tech\/?page_id=7043"},"modified":"2022-09-28T17:41:19","modified_gmt":"2022-09-28T17:41:19","slug":"request-a-consultation","status":"publish","type":"page","link":"https:\/\/autologiq.tech\/vi\/request-a-consultation\/","title":{"rendered":"Y\u00caU C\u1ea6U T\u01af V\u1ea4N"},"content":{"rendered":"<div class=\"wpb-content-wrapper\"><section class=\"vc_section vc_custom_1653300071394 wd-rs-628b5aff49443\"><div data-vc-full-width=\"true\" data-vc-full-width-init=\"false\" data-vc-parallax=\"1.5\" data-vc-parallax-o-fade=\"on\" data-vc-parallax-image=\"https:\/\/autologiq.tech\/wp-content\/uploads\/2021\/08\/about-us-3-bg-1.jpg\" class=\"vc_row wpb_row vc_row-fluid vc_custom_1664386866802 vc_row-has-fill vc_row-o-content-middle vc_row-flex vc_general vc_parallax vc_parallax-content-moving-fade js-vc_parallax-o-fade wd-rs-63348719526cc\"><div class=\"wpb_column vc_column_container vc_col-sm-12\"><div class=\"vc_column-inner\"><div class=\"wpb_wrapper\">\t\t\t<link rel=\"stylesheet\" id=\"wd-section-title-css\" href=\"https:\/\/autologiq.tech\/wp-content\/themes\/woodmart\/css\/parts\/el-section-title.min.css?ver=7.2.4\" type=\"text\/css\" media=\"all\" \/> \t\t\t\t\t\t<link rel=\"stylesheet\" id=\"wd-mod-highlighted-text-css\" href=\"https:\/\/autologiq.tech\/wp-content\/themes\/woodmart\/css\/parts\/mod-highlighted-text.min.css?ver=7.2.4\" type=\"text\/css\" media=\"all\" \/> \t\t\t\n\t\t<div id=\"wd-631603a619f41\" class=\"title-wrapper wd-wpb set-mb-s reset-last-child  wd-rs-631603a619f41 wd-title-color-default wd-title-style-default text-left  wd-underline-colored\">\n\t\t\t\n\t\t\t<div class=\"liner-continer\">\n\t\t\t\t<h4 class=\"woodmart-title-container title  wd-font-weight-700 wd-fontsize-l\" >Y\u00caU C\u1ea6U T\u01af V\u1ea4N<\/h4>\n\t\t\t\t\t\t\t<\/div>\n\t\t\t\n\t\t\t\t\t\t\t<div class=\"title-after_title  set-cont-mb-s reset-last-child  wd-fontsize-xs\">Gi\u1ea3i ph\u00e1p m\u1ed9t c\u1eeda cho d\u00e2y chuy\u1ec1n l\u1eafp r\u00e1p cho ng\u00e0nh c\u00f4ng nghi\u1ec7p \u00f4 t\u00f4, c\u00f4ng nghi\u1ec7p chung v\u00e0 h\u00e0ng kh\u00f4ng v\u0169 tr\u1ee5.<\/div>\n\t\t\t\n\t\t\t\n\t\t<\/div>\n\t\t\n\t\t<\/div><\/div><\/div><\/div><div class=\"vc_row-full-width vc_clearfix\"><\/div><\/section><div class=\"vc_row wpb_row vc_row-fluid vc_custom_1653300117967 vc_row-o-equal-height vc_row-o-content-middle vc_row-flex wd-rs-628b5b31209a7\"><div class=\"wpb_column vc_column_container vc_col-sm-12 vc_col-md-6\"><div class=\"vc_column-inner\"><div class=\"wpb_wrapper\">\n\t\t<div id=\"wd-6293c3be99406\" class=\"title-wrapper wd-wpb set-mb-s reset-last-child  wd-rs-6293c3be99406 wd-title-color-default wd-title-style-default text-left  wd-underline-colored\">\n\t\t\t\t\t\t\t<div class=\"title-subtitle  subtitle-color-default font-default subtitle-style-default wd-font-weight-700 wd-fontsize-xs\">WHAT WE DO?<\/div>\n\t\t\t\n\t\t\t<div class=\"liner-continer\">\n\t\t\t\t<h4 class=\"woodmart-title-container title  wd-font-weight-700 wd-fontsize-l\" >INNOVATE SIMPLIFY &amp; IMPROVE<\/h4>\n\t\t\t\t\t\t\t<\/div>\n\t\t\t\n\t\t\t\n\t\t\t\n\t\t<\/div>\n\t\t\n\t\t<\/div><\/div><\/div><div class=\"wpb_column vc_column_container vc_col-sm-12 vc_col-md-6 wd-rs-6280a7118b8ee\"><div class=\"vc_column-inner vc_custom_1652598561110\"><div class=\"wpb_wrapper\">\t\t\t<link rel=\"stylesheet\" id=\"wd-text-block-css\" href=\"https:\/\/autologiq.tech\/wp-content\/themes\/woodmart\/css\/parts\/el-text-block.min.css?ver=7.2.4\" type=\"text\/css\" media=\"all\" \/> \t\t\t\t\t<div id=\"wd-631609e96a06f\" class=\"wd-text-block wd-wpb reset-last-child wd-rs-631609e96a06f text-left wd-fontsize-l\">\n\t\t\t<p style=\"text-align: justify;\">AutologiQ Systems \u0111ang thay \u0111\u1ed5i qu\u00e1 tr\u00ecnh s\u1ea3n xu\u1ea5t b\u1eb1ng c\u00e1c gi\u1ea3i ph\u00e1p ph\u1ea7n m\u1ec1m s\u00e1ng t\u1ea1o. Ch\u00fang t\u00f4i c\u1ed1 g\u1eafng trao quy\u1ec1n cho c\u00e1c nh\u00e0 s\u1ea3n xu\u1ea5t tham gia phong tr\u00e0o C\u00f4ng nghi\u1ec7p 4.0 b\u1eb1ng c\u00e1c gi\u1ea3i ph\u00e1p d\u1ec5 s\u1eed d\u1ee5ng, hi\u1ec7u qu\u1ea3 v\u1ec1 chi ph\u00ed, nhanh nh\u1eb9n, l\u00e0m vi\u1ec7c d\u1ef1a tr\u00ean tr\u00ean d\u1eef li\u1ec7u v\u00e0 t\u1ed1t nh\u1ea5t trong ph\u00e2n kh\u00fac.<\/p>\n\t\t<\/div>\n\t\t<\/div><\/div><\/div><\/div>\n<\/div>","protected":false},"excerpt":{"rendered":"Request a Consultation One-stop solution for Assembly line for automotive, GI and Aerospace industries. WHAT WE DO? INNOVATE SIMPLIFY &amp;","protected":false},"author":1,"featured_media":0,"parent":0,"menu_order":0,"comment_status":"closed","ping_status":"closed","template":"schedule.php","meta":{"footnotes":""},"class_list":["post-7043","page","type-page","status-publish","hentry"],"_links":{"self":[{"href":"https:\/\/autologiq.tech\/vi\/wp-json\/wp\/v2\/pages\/7043","targetHints":{"allow":["GET"]}}],"collection":[{"href":"https:\/\/autologiq.tech\/vi\/wp-json\/wp\/v2\/pages"}],"about":[{"href":"https:\/\/autologiq.tech\/vi\/wp-json\/wp\/v2\/types\/page"}],"author":[{"embeddable":true,"href":"https:\/\/autologiq.tech\/vi\/wp-json\/wp\/v2\/users\/1"}],"replies":[{"embeddable":true,"href":"https:\/\/autologiq.tech\/vi\/wp-json\/wp\/v2\/comments?post=7043"}],"version-history":[{"count":2,"href":"https:\/\/autologiq.tech\/vi\/wp-json\/wp\/v2\/pages\/7043\/revisions"}],"predecessor-version":[{"id":7159,"href":"https:\/\/autologiq.tech\/vi\/wp-json\/wp\/v2\/pages\/7043\/revisions\/7159"}],"wp:attachment":[{"href":"https:\/\/autologiq.tech\/vi\/wp-json\/wp\/v2\/media?parent=7043"}],"curies":[{"name":"wp","href":"https:\/\/api.w.org\/{rel}","templated":true}]}}